{"id":143,"date":"2023-12-21T08:20:51","date_gmt":"2023-12-21T08:20:51","guid":{"rendered":"https:\/\/wifing.es\/?page_id=143"},"modified":"2023-12-21T08:20:51","modified_gmt":"2023-12-21T08:20:51","slug":"fibra-optica-nacional","status":"publish","type":"page","link":"https:\/\/wifing.es\/?page_id=143","title":{"rendered":"Fibra \u00d3ptica Nacional"},"content":{"rendered":"\n<h2 class=\"wp-block-heading\">Planes de Acceso a Internet para zona residencial en vivienda unifamiliar y comunitaria.<\/h2>\n\n\n\n<p><strong>Caracter\u00edsticas destacadas de los planes de acceso a Internet mediante Fibra \u00d3ptica<\/strong><\/p>\n\n\n\n<ul>\n<li>Servicio de acceso a Internet hasta las velocidades establecidas.<\/li>\n\n\n\n<li>Apertura de puertos para servicios espec\u00edficos y otras configuraciones avanzadas.<\/li>\n<\/ul>\n\n\n\n<p><strong>Instalaci\u00f3n en Viviendas<\/strong> Vivienda unifamiliar: Colocaci\u00f3n de router en la primera habitaci\u00f3n o comedor cercano a la entrada exterior del cable. Instalaci\u00f3n de cableado fibra \u00f3ptica para la comunicaci\u00f3n desde la caja exterior m\u00e1s cercana. Sin Permanencia. Precio de Instalaci\u00f3n: Seg\u00fan poblaci\u00f3n.<\/p>\n\n\n\n<p>Visita las <a href=\"http:\/\/wifing.es\/index.php\/condicionesgenerales\">condiciones generales internet residencial fibra<\/a> para m\u00e1s especificaci\u00f3n del servi<\/p>\n","protected":false},"excerpt":{"rendered":"<p>Planes de Acceso a Internet para zona residencial en vivienda unifamiliar y comunitaria. Caracter\u00edsticas destacadas de los planes de acceso a Internet mediante Fibra \u00d3ptica Instalaci\u00f3n en Viviendas Vivienda unifamiliar: Colocaci\u00f3n de router en la primera habitaci\u00f3n o comedor cercano a la entrada exterior del cable. Instalaci\u00f3n de cableado fibra \u00f3ptica para la comunicaci\u00f3n desde&#8230;<\/p>\n","protected":false},"author":1,"featured_media":0,"parent":0,"menu_order":0,"comment_status":"closed","ping_status":"closed","template":"","meta":{"_kad_post_transparent":"","_kad_post_title":"","_kad_post_layout":"","_kad_post_sidebar_id":"","_kad_post_content_style":"","_kad_post_vertical_padding":"","_kad_post_feature":"","_kad_post_feature_position":"","_kad_post_header":false,"_kad_post_footer":false,"footnotes":""},"_links":{"self":[{"href":"https:\/\/wifing.es\/index.php?rest_route=\/wp\/v2\/pages\/143"}],"collection":[{"href":"https:\/\/wifing.es\/index.php?rest_route=\/wp\/v2\/pages"}],"about":[{"href":"https:\/\/wifing.es\/index.php?rest_route=\/wp\/v2\/types\/page"}],"author":[{"embeddable":true,"href":"https:\/\/wifing.es\/index.php?rest_route=\/wp\/v2\/users\/1"}],"replies":[{"embeddable":true,"href":"https:\/\/wifing.es\/index.php?rest_route=%2Fwp%2Fv2%2Fcomments&post=143"}],"version-history":[{"count":1,"href":"https:\/\/wifing.es\/index.php?rest_route=\/wp\/v2\/pages\/143\/revisions"}],"predecessor-version":[{"id":145,"href":"https:\/\/wifing.es\/index.php?rest_route=\/wp\/v2\/pages\/143\/revisions\/145"}],"wp:attachment":[{"href":"https:\/\/wifing.es\/index.php?rest_route=%2Fwp%2Fv2%2Fmedia&parent=143"}],"curies":[{"name":"wp","href":"https:\/\/api.w.org\/{rel}","templated":true}]}}