{"id":21,"date":"2023-12-13T13:48:22","date_gmt":"2023-12-13T13:48:22","guid":{"rendered":"https:\/\/wifing.es\/?page_id=21"},"modified":"2023-12-13T13:48:22","modified_gmt":"2023-12-13T13:48:22","slug":"acceso-a-internet-wireless-wifi","status":"publish","type":"page","link":"https:\/\/wifing.es\/?page_id=21","title":{"rendered":"Acceso a Internet Wireless (WiFi)"},"content":{"rendered":"\n<h2 class=\"wp-block-heading\">Planes de Acceso a Internet para zona residencial en vivienda unifamiliar o fincas de pisos.<\/h2>\n\n\n\n<h1 class=\"wp-block-heading\">Avanzado 30<\/h1>\n\n\n\n<h1 class=\"wp-block-heading\">15 \u20ac \/mes<\/h1>\n\n\n\n<h3 class=\"wp-block-heading\">Uso Habitual<\/h3>\n\n\n\n<p>Para personas y familias<br>con necesidades de<br>acceder a Internet.<\/p>\n\n\n\n<ul>\n<li><em>Bajada 30Mbps<\/em><\/li>\n\n\n\n<li><em>Subida 7Mbps<\/em><\/li>\n<\/ul>\n\n\n\n<h1 class=\"wp-block-heading\">Avanzado 50<\/h1>\n\n\n\n<h1 class=\"wp-block-heading\">20 \u20ac \/mes<\/h1>\n\n\n\n<h3 class=\"wp-block-heading\">Uso Intenso<\/h3>\n\n\n\n<p>Preparado para los<br>recursos que ofrece<br>Internet.<\/p>\n\n\n\n<ul>\n<li><em>Bajada 50Mbps<\/em><\/li>\n\n\n\n<li><em>Subida 10Mbps<\/em><\/li>\n\n\n\n<li>&nbsp;<\/li>\n<\/ul>\n\n\n\n<h1 class=\"wp-block-heading\">Empresas<\/h1>\n\n\n\n<h1 class=\"wp-block-heading\">Precio a Estudio<\/h1>\n\n\n\n<h3 class=\"wp-block-heading\">Uso Corporativo<\/h3>\n\n\n\n<p>Aut\u00f3nomos y Empresas<br>con mayor demanda<br>de recursos.<\/p>\n\n\n\n<ul>\n<li><em>Bajada (seg\u00fan necesidad)<\/em><\/li>\n\n\n\n<li><em>Subida (seg\u00fan necesidad)<\/em><\/li>\n<\/ul>\n\n\n\n<p><strong>Caracter\u00edsticas destacadas de los planes de acceso a Internet mediante WiFi<\/strong><\/p>\n\n\n\n<ul>\n<li>Servicio de acceso a Internet hasta las m\u00e1ximas velocidades establecidas.<\/li>\n\n\n\n<li>IP p\u00fablica din\u00e1mica individual con opci\u00f3n a IP p\u00fablica fija.<\/li>\n\n\n\n<li>Ayuda a la apertura de puertos para servicios espec\u00edficos.<\/li>\n<\/ul>\n\n\n\n<p><strong>Instalaci\u00f3n en Viviendas<\/strong> Vivienda unifamiliar: Colocaci\u00f3n de antena cliente en el m\u00e1stil de la antena de tv. Pasado de cableado exterior blindado con toma tierra desde la antena hasta un punto el\u00e9ctrico para la conexi\u00f3n de la antena Pasado de cableado interior utp desde la conexi\u00f3n el\u00e9ctrica de la antena hasta el punto de puesta del router wifi Instalaci\u00f3n del router wifi en el punto m\u00e1s propicio para su uso dentro de la vivienda Precio de Instalaci\u00f3n: 120\u20ac Finca de pisos: Inicialmente la colocaci\u00f3n de antena cliente en el m\u00e1stil de la antena de tv comunitario. Pasado de cableado exterior blindado con toma tierra desde la antena hasta el cuadro ICT de la comunidad Pasado de cableado interior utp desde el cuadro ICT hasta el punto de puesta del router wifi en la vivienda Instalaci\u00f3n del router wifi en el punto m\u00e1s propicio para su uso dentro de la vivienda Precio de Instalaci\u00f3n: 60\u20ac * En las fincas los dos primeros pasos son a cargo de WIFING y se conecta un m\u00e1ximo de 4 viviendas por antena<\/p>\n\n\n\n<blockquote class=\"wp-block-quote\">\n<p>Todos los precios son IVA incluido. Los valores de cada plan son Velocidades M\u00e1ximas.<\/p>\n<\/blockquote>\n\n\n\n<p>Visita las <a href=\"http:\/\/wifing.es\/index.php\/condicionesgenerales\">condiciones generales internet residencial wifi<\/a> para m\u00e1s especificaci\u00f3n del servicio.<\/p>\n","protected":false},"excerpt":{"rendered":"<p>Planes de Acceso a Internet para zona residencial en vivienda unifamiliar o fincas de pisos. Avanzado 30 15 \u20ac \/mes Uso Habitual Para personas y familiascon necesidades deacceder a Internet. Avanzado 50 20 \u20ac \/mes Uso Intenso Preparado para losrecursos que ofreceInternet. Empresas Precio a Estudio Uso Corporativo Aut\u00f3nomos y Empresascon mayor demandade recursos. Caracter\u00edsticas&#8230;<\/p>\n","protected":false},"author":1,"featured_media":0,"parent":0,"menu_order":0,"comment_status":"closed","ping_status":"closed","template":"","meta":{"_kad_post_transparent":"","_kad_post_title":"","_kad_post_layout":"","_kad_post_sidebar_id":"","_kad_post_content_style":"","_kad_post_vertical_padding":"","_kad_post_feature":"","_kad_post_feature_position":"","_kad_post_header":false,"_kad_post_footer":false,"footnotes":""},"_links":{"self":[{"href":"https:\/\/wifing.es\/index.php?rest_route=\/wp\/v2\/pages\/21"}],"collection":[{"href":"https:\/\/wifing.es\/index.php?rest_route=\/wp\/v2\/pages"}],"about":[{"href":"https:\/\/wifing.es\/index.php?rest_route=\/wp\/v2\/types\/page"}],"author":[{"embeddable":true,"href":"https:\/\/wifing.es\/index.php?rest_route=\/wp\/v2\/users\/1"}],"replies":[{"embeddable":true,"href":"https:\/\/wifing.es\/index.php?rest_route=%2Fwp%2Fv2%2Fcomments&post=21"}],"version-history":[{"count":1,"href":"https:\/\/wifing.es\/index.php?rest_route=\/wp\/v2\/pages\/21\/revisions"}],"predecessor-version":[{"id":23,"href":"https:\/\/wifing.es\/index.php?rest_route=\/wp\/v2\/pages\/21\/revisions\/23"}],"wp:attachment":[{"href":"https:\/\/wifing.es\/index.php?rest_route=%2Fwp%2Fv2%2Fmedia&parent=21"}],"curies":[{"name":"wp","href":"https:\/\/api.w.org\/{rel}","templated":true}]}}