{"id":27,"date":"2023-12-13T13:57:41","date_gmt":"2023-12-13T13:57:41","guid":{"rendered":"https:\/\/wifing.es\/?page_id=27"},"modified":"2023-12-13T13:57:41","modified_gmt":"2023-12-13T13:57:41","slug":"internet-wireless-wifi-para-empresas","status":"publish","type":"page","link":"https:\/\/wifing.es\/?page_id=27","title":{"rendered":"Internet Wireless (WiFi) para Empresas"},"content":{"rendered":"\n<h2 class=\"wp-block-heading\">Planes de Acceso a Internet para Empresas.<\/h2>\n\n\n\n<p><strong>Caracter\u00edsticas destacadas de los planes de acceso a Internet mediante WiFi<\/strong><\/p>\n\n\n\n<ul>\n<li>Conexi\u00f3n directa e independiente.<\/li>\n\n\n\n<li>IP p\u00fablica fija.<\/li>\n\n\n\n<li>Diferentes velocidades para dar servicio a empresas.<\/li>\n\n\n\n<li>Vol\u00famenes altos de datos y superiores al resto de tarifas.<\/li>\n\n\n\n<li>A este plan se puede a\u00f1adir telefon\u00eda fija o m\u00f3vil con una o varias l\u00edneas<\/li>\n\n\n\n<li>Contrataci\u00f3n desde 30Mbps hasta 200Mbps de bajada y desde 6Mbps hasta 40Mbps de subida (relaci\u00f3n 20%).<\/li>\n\n\n\n<li>Pack personalizado con estudio previo.<\/li>\n<\/ul>\n\n\n\n<p><strong>Instalaci\u00f3n<br><\/strong> Oficina: Colocaci\u00f3n de antena cliente en el m\u00e1stil de la antena o soporte. Pasado de cableado exterior blindado con toma tierra desde la antena hasta un punto el\u00e9ctrico para la conexi\u00f3n de la antena Pasado de cableado interior utp desde la conexi\u00f3n el\u00e9ctrica de la antena hasta el punto de puesta del router wifi Instalaci\u00f3n del router wifi en el punto del centro de la red f\u00edsica Finca de pisos: Inicialmente la colocaci\u00f3n de antena cliente en el m\u00e1stil de la antena de tv comunitario. Pasado de cableado exterior blindado con toma tierra desde la antena hasta el cuadro ICT de la comunidad Pasado de cableado interior utp desde el cuadro ICT hasta el punto de puesta del router wifi en la vivienda Instalaci\u00f3n del router wifi en el punto m\u00e1s propicio para su uso dentro de la vivienda<\/p>\n\n\n\n<p>Visita las <a href=\"http:\/\/wifing.es\/index.php\/condicionesgenerales\">condiciones generales internet empresa wifi<\/a> para m\u00e1s especificaci\u00f3n del servicio. Los valores de cada plan son Velocidades M\u00e1ximas.<\/p>\n","protected":false},"excerpt":{"rendered":"<p>Planes de Acceso a Internet para Empresas. Caracter\u00edsticas destacadas de los planes de acceso a Internet mediante WiFi Instalaci\u00f3n Oficina: Colocaci\u00f3n de antena cliente en el m\u00e1stil de la antena o soporte. Pasado de cableado exterior blindado con toma tierra desde la antena hasta un punto el\u00e9ctrico para la conexi\u00f3n de la antena Pasado de&#8230;<\/p>\n","protected":false},"author":1,"featured_media":0,"parent":0,"menu_order":0,"comment_status":"closed","ping_status":"closed","template":"","meta":{"_kad_post_transparent":"","_kad_post_title":"","_kad_post_layout":"","_kad_post_sidebar_id":"","_kad_post_content_style":"","_kad_post_vertical_padding":"","_kad_post_feature":"","_kad_post_feature_position":"","_kad_post_header":false,"_kad_post_footer":false,"footnotes":""},"_links":{"self":[{"href":"https:\/\/wifing.es\/index.php?rest_route=\/wp\/v2\/pages\/27"}],"collection":[{"href":"https:\/\/wifing.es\/index.php?rest_route=\/wp\/v2\/pages"}],"about":[{"href":"https:\/\/wifing.es\/index.php?rest_route=\/wp\/v2\/types\/page"}],"author":[{"embeddable":true,"href":"https:\/\/wifing.es\/index.php?rest_route=\/wp\/v2\/users\/1"}],"replies":[{"embeddable":true,"href":"https:\/\/wifing.es\/index.php?rest_route=%2Fwp%2Fv2%2Fcomments&post=27"}],"version-history":[{"count":1,"href":"https:\/\/wifing.es\/index.php?rest_route=\/wp\/v2\/pages\/27\/revisions"}],"predecessor-version":[{"id":29,"href":"https:\/\/wifing.es\/index.php?rest_route=\/wp\/v2\/pages\/27\/revisions\/29"}],"wp:attachment":[{"href":"https:\/\/wifing.es\/index.php?rest_route=%2Fwp%2Fv2%2Fmedia&parent=27"}],"curies":[{"name":"wp","href":"https:\/\/api.w.org\/{rel}","templated":true}]}}