{"id":38,"date":"2023-12-13T14:30:55","date_gmt":"2023-12-13T14:30:55","guid":{"rendered":"https:\/\/wifing.es\/?page_id=38"},"modified":"2023-12-13T14:30:55","modified_gmt":"2023-12-13T14:30:55","slug":"telefonia-fija","status":"publish","type":"page","link":"https:\/\/wifing.es\/?page_id=38","title":{"rendered":"Telefon\u00eda Fija"},"content":{"rendered":"\n<h2 class=\"wp-block-heading\">Planes Telefon\u00eda Fija para Empresas y Particulares.<\/h2>\n\n\n\n<figure class=\"wp-block-table\"><table><tbody><tr><th>&nbsp;<\/th><th>S\u00f3lo L\u00ednea<\/th><th>Fideliza Espa\u00f1a<\/th><th>Mega Fijo y M\u00f3vil<\/th><th>HispanoAmericana<\/th><th>Europa del Este<\/th><\/tr><tr><td>Cuota Iva Incluido<\/td><td>4\u20ac<\/td><td>8\u20ac<\/td><td>14\u20ac<\/td><td>10\u20ac<\/td><td>10\u20ac<\/td><\/tr><tr><td>Minutos a fijos<\/td><td>0 minutos<\/td><td>1.000 minutos Espa\u00f1a<\/td><td>5.000 minutos (*) Pa\u00edses zona A<\/td><td>500 minutos (*) Pa\u00edses latinos<\/td><td>500 minutos (*) Europa del este<\/td><\/tr><tr><td>Minutos a m\u00f3viles<\/td><td>0 minutos<\/td><td>100 minutos a Espa\u00f1a<\/td><td>5.000 minutos a Espa\u00f1a en conjunto con los minutos fijos<\/td><td>0 minutos<\/td><td>0 minutos<\/td><\/tr><\/tbody><\/table><\/figure>\n\n\n\n<p><em>Las llamadas a m\u00f3viles y fijos una vez consumido el plan se facturan seg\u00fan tarifa vigente, consultar en oficina.<\/em><\/p>\n\n\n\n<p><em>(*) Las indicaciones de pa\u00edses o zonas de pa\u00edses deben ser consultados en oficina para contrastar la <a href=\"http:\/\/www.ionmobile.es\/assets\/Ion_Mobile-Tarifas_Internacionales.pdf\">lista exacta de destinos de llamada<\/a>.<\/em><\/p>\n\n\n\n<p><em>Precios con Iva Incluido. Precios v\u00e1lidos salvo error tipogr\u00e1fico, confirmar todos los datos en oficina.<\/em><\/p>\n\n\n\n<p>Para otros destinos nacionales o internacionales preguntar tarifas de llamadas a otros pa\u00edses o planes de llamadas a m\u00f3viles<\/p>\n","protected":false},"excerpt":{"rendered":"<p>Planes Telefon\u00eda Fija para Empresas y Particulares. &nbsp; S\u00f3lo L\u00ednea Fideliza Espa\u00f1a Mega Fijo y M\u00f3vil HispanoAmericana Europa del Este Cuota Iva Incluido 4\u20ac 8\u20ac 14\u20ac 10\u20ac 10\u20ac Minutos a fijos 0 minutos 1.000 minutos Espa\u00f1a 5.000 minutos (*) Pa\u00edses zona A 500 minutos (*) Pa\u00edses latinos 500 minutos (*) Europa del este Minutos a&#8230;<\/p>\n","protected":false},"author":1,"featured_media":0,"parent":0,"menu_order":0,"comment_status":"closed","ping_status":"closed","template":"","meta":{"_kad_post_transparent":"","_kad_post_title":"","_kad_post_layout":"","_kad_post_sidebar_id":"","_kad_post_content_style":"","_kad_post_vertical_padding":"","_kad_post_feature":"","_kad_post_feature_position":"","_kad_post_header":false,"_kad_post_footer":false,"footnotes":""},"_links":{"self":[{"href":"https:\/\/wifing.es\/index.php?rest_route=\/wp\/v2\/pages\/38"}],"collection":[{"href":"https:\/\/wifing.es\/index.php?rest_route=\/wp\/v2\/pages"}],"about":[{"href":"https:\/\/wifing.es\/index.php?rest_route=\/wp\/v2\/types\/page"}],"author":[{"embeddable":true,"href":"https:\/\/wifing.es\/index.php?rest_route=\/wp\/v2\/users\/1"}],"replies":[{"embeddable":true,"href":"https:\/\/wifing.es\/index.php?rest_route=%2Fwp%2Fv2%2Fcomments&post=38"}],"version-history":[{"count":1,"href":"https:\/\/wifing.es\/index.php?rest_route=\/wp\/v2\/pages\/38\/revisions"}],"predecessor-version":[{"id":40,"href":"https:\/\/wifing.es\/index.php?rest_route=\/wp\/v2\/pages\/38\/revisions\/40"}],"wp:attachment":[{"href":"https:\/\/wifing.es\/index.php?rest_route=%2Fwp%2Fv2%2Fmedia&parent=38"}],"curies":[{"name":"wp","href":"https:\/\/api.w.org\/{rel}","templated":true}]}}