{"id":57,"date":"2023-12-14T08:25:22","date_gmt":"2023-12-14T08:25:22","guid":{"rendered":"https:\/\/wifing.es\/?page_id=57"},"modified":"2024-01-15T13:43:42","modified_gmt":"2024-01-15T13:43:42","slug":"contratacion","status":"publish","type":"page","link":"https:\/\/wifing.es\/?page_id=57","title":{"rendered":"Contrataci\u00f3n"},"content":{"rendered":"\n<p>Para contratar nuestros servicios tienes varias l\u00edneas de comunicaci\u00f3n:<\/p>\n\n\n\n<ul>\n<li>En Tienda<\/li>\n\n\n\n<li>Por tel\u00e9fono fijo: 962 267 067<\/li>\n\n\n\n<li>Por Whatsapp o m\u00f3vil: 644 455 875<\/li>\n\n\n\n<li>Por email: contratos [arroba] wifing [punto] es<\/li>\n<\/ul>\n\n\n\n<p>Puedes contratar el plan de acceso a Internet que se ajuste a tus necesidades y complementarlo con llamadas desde Fijo o plan de llamadas desde M\u00f3vil.<\/p>\n\n\n\n<p>Necesitamos tus datos personales, la direcci\u00f3n de la instalaci\u00f3n y los datos bancarios para realizar lo cobros de las cuotas mensuales.<\/p>\n","protected":false},"excerpt":{"rendered":"<p>Para contratar nuestros servicios tienes varias l\u00edneas de comunicaci\u00f3n: Puedes contratar el plan de acceso a Internet que se ajuste a tus necesidades y complementarlo con llamadas desde Fijo o plan de llamadas desde M\u00f3vil. Necesitamos tus datos personales, la direcci\u00f3n de la instalaci\u00f3n y los datos bancarios para realizar lo cobros de las cuotas&#8230;<\/p>\n","protected":false},"author":1,"featured_media":0,"parent":0,"menu_order":0,"comment_status":"closed","ping_status":"closed","template":"","meta":{"_kad_post_transparent":"","_kad_post_title":"show","_kad_post_layout":"","_kad_post_sidebar_id":"","_kad_post_content_style":"","_kad_post_vertical_padding":"","_kad_post_feature":"","_kad_post_feature_position":"","_kad_post_header":false,"_kad_post_footer":false,"footnotes":""},"_links":{"self":[{"href":"https:\/\/wifing.es\/index.php?rest_route=\/wp\/v2\/pages\/57"}],"collection":[{"href":"https:\/\/wifing.es\/index.php?rest_route=\/wp\/v2\/pages"}],"about":[{"href":"https:\/\/wifing.es\/index.php?rest_route=\/wp\/v2\/types\/page"}],"author":[{"embeddable":true,"href":"https:\/\/wifing.es\/index.php?rest_route=\/wp\/v2\/users\/1"}],"replies":[{"embeddable":true,"href":"https:\/\/wifing.es\/index.php?rest_route=%2Fwp%2Fv2%2Fcomments&post=57"}],"version-history":[{"count":2,"href":"https:\/\/wifing.es\/index.php?rest_route=\/wp\/v2\/pages\/57\/revisions"}],"predecessor-version":[{"id":159,"href":"https:\/\/wifing.es\/index.php?rest_route=\/wp\/v2\/pages\/57\/revisions\/159"}],"wp:attachment":[{"href":"https:\/\/wifing.es\/index.php?rest_route=%2Fwp%2Fv2%2Fmedia&parent=57"}],"curies":[{"name":"wp","href":"https:\/\/api.w.org\/{rel}","templated":true}]}}