{"id":62,"date":"2023-12-14T08:40:15","date_gmt":"2023-12-14T08:40:15","guid":{"rendered":"https:\/\/wifing.es\/?page_id=62"},"modified":"2024-01-15T13:42:36","modified_gmt":"2024-01-15T13:42:36","slug":"aviso-legal","status":"publish","type":"page","link":"https:\/\/wifing.es\/?page_id=62","title":{"rendered":"Aviso Legal"},"content":{"rendered":"\n<p>AMH Servicios Inform\u00e1ticos, s.c. (en adelante, \u00abAMH\u00bb) informa sobre las condiciones generales de uso y aviso legal a los usuarios del dominio wifing.es, sus subdominios y sus p\u00e1ginas webs. Por medio de la presente comunicaci\u00f3n se da a conocer a los usuarios de internet las condiciones generales para el uso del sitio web www.wifing.es.<\/p>\n\n\n\n<p>1. Las presentes condiciones generales tienen por objeto regular el uso del servicio de las webs de wifing.es (en lo sucesivo, la web) que AMH pone a disposici\u00f3n de los usuarios de internet. T\u00e9ngase en cuenta, que la web pudiera contener enlaces a otros sitios web y\/o servicios de terceros. La presente Pol\u00edtica de Privacidad no abarca las pr\u00e1cticas y pol\u00edticas de estas otras terceras personas. Le aconsejamos que lea las pol\u00edticas de todos los sitios web que visite o utilice, puesto que dichas pol\u00edticas pueden ser materialmente distintas a la nuestra.<\/p>\n\n\n\n<p>2. La utilizaci\u00f3n de la web atribuye la condici\u00f3n de usuario de la web. El usuario acepta expresamente y sin reservas todas y cada una de las presentes condiciones generales establecidas para el uso de la versi\u00f3n de la web que AMH ponga a disposici\u00f3n mediante su acceso a trav\u00e9s de Internet.<\/p>\n\n\n\n<p>3. La prestaci\u00f3n del servicio de la web por parte de AMH tiene car\u00e1cter gratuito para el usuario y no exige la previa suscripci\u00f3n o registro del usuario.<\/p>\n\n\n\n<p>4. La utilizaci\u00f3n de ciertos servicios ofrecidos al usuario a trav\u00e9s de la web se encuentra sometida a condiciones particulares que pueden sustituir, completar y\/o modificar las presentes condiciones generales.<\/p>\n\n\n\n<p>5. A trav\u00e9s de la web, AMH facilita al usuario el acceso y la utilizaci\u00f3n de diversos servicios y contenidos puestos a disposici\u00f3n del usuario por AMH o por terceros usuarios de la web y\/o terceros proveedores de servicios y contenidos. AMH se reserva el derecho a modificar unilateralmente, en cualquier momento y sin aviso previo, la presentaci\u00f3n y configuraci\u00f3n de la web, as\u00ed como los servicios y las condiciones requeridas para utilizar la web y los servicios.<\/p>\n\n\n\n<p>6. AMH reserva algunos de los servicios ofrecidos a trav\u00e9s de la web a los usuarios registrados de AMH mediante la cumplimentaci\u00f3n del registro de usuarios.<\/p>\n\n\n\n<p>7. El usuario se compromete a utilizar la web y los servicios de conformidad con las presentes condiciones y la normativa vigente que sea de aplicaci\u00f3n.<\/p>\n\n\n\n<p>8. El usuario se obliga a abstenerse de utilizar la web y los servicios con fines o efectos il\u00edcitos, contrarios a lo establecido en estas condiciones generales, lesivos de los derechos e intereses de terceros, o que de cualquier forma puedan da\u00f1ar, inutilizar, sobrecargar o deteriorar la web y los servicios o impedir la normal utilizaci\u00f3n o disfrute de la web y de los servicios por parte de los usuarios.<\/p>\n\n\n\n<p>9. El usuario deber\u00e1 abstenerse de obtener e incluso de intentar obtener informaciones, mensajes, gr\u00e1ficos, dibujos, archivos de sonido y\/o imagen, fotograf\u00edas, grabaciones, software y, en general, cualquier clase de material accesibles a trav\u00e9s de la web o de los servicios (en lo sucesivo, los contenidos) empleando para ello medios o procedimientos distintos de los que, seg\u00fan los casos, se hayan puesto a su disposici\u00f3n a este efecto o se hayan indicado a trav\u00e9s de la web.<\/p>\n\n\n\n<p>10. No est\u00e1 permitida la inclusi\u00f3n de los contenidos de la web en otros sitios web de internet, ni en otros medios o soportes. Tampoco se permite la reproducci\u00f3n, distribuci\u00f3n, comunicaci\u00f3n p\u00fablica ni transformaci\u00f3n de los contenidos de la web, ya sea gratuitamente o mediante contraprestaci\u00f3n econ\u00f3mica, y en cualquier forma o soporte. \u00danicamente se permitir\u00e1 la impresi\u00f3n de los contenidos para uso particular del usuario.<\/p>\n\n\n\n<p>11. Para utilizar algunos de los servicios, los usuarios deber\u00e1n proporcionar previamente a AMH ciertos datos de car\u00e1cter personal. AMH tratar\u00e1 automatizadamente los datos personales con las finalidades as\u00ed como bajo las condiciones definidas en su pol\u00edtica de protecci\u00f3n de datos anteriormente descrita.<\/p>\n\n\n\n<p>12. AMH no garantiza la disponibilidad, continuidad, utilidad e infalibilidad del funcionamiento de la web, de sus servicios y contenidos, ni la licitud, fiabilidad y utilidad de la informaci\u00f3n, contenidos y servicios suministrados por terceros a trav\u00e9s de la web. AMH tampoco garantiza la ausencia de virus ni de otros elementos en los servicios prestados por terceros a trav\u00e9s de la web que puedan producir alteraciones en su sistema inform\u00e1tico (software y hardware) o en los documentos electr\u00f3nicos y ficheros almacenados en su sistema inform\u00e1tico.<\/p>\n\n\n\n<p>13. AMH no asume ning\u00fan tipo de responsabilidad por los da\u00f1os y perjuicios de toda naturaleza que puedan ocasionarse como consecuencia del funcionamiento de la web, o utilizaci\u00f3n de los servicios o contenidos, ni los ocasionados por conductas dolosas o culposas del usuario o de terceros realizadas en o a trav\u00e9s de la web o por medio de los servicios de la web.<\/p>\n\n\n\n<p>14. Los Contenidos de este portal pertenecen a los titulares de los derechos de propiedad intelectual e industrial y no pueden ser utilizados o publicados en otra web. En el supuesto de que se invoquen los referidos derechos por persona distinta a la que AMH ha identificado como titular de los mismos, deber\u00e1 comunicarlo inmediatamente a AMH con el fin de proceder mediante acciones dirigidas a la salvaguarda de los intereses leg\u00edtimos del verdadero titular de los referidos derechos.<\/p>\n\n\n\n<p>15. Estas Condiciones Generales se rigen por la ley espa\u00f1ola.<\/p>\n\n\n\n<p>16. AMH y el Usuario, con renuncia expresa a cualquier otro fuero, se someten al de los Juzgados y Tribunales de la ciudad de X\u00e1tiva para cualquier controversia que pudiera derivarse de la prestaci\u00f3n de los servicios objeto de estas Condiciones Generales. En el caso de que el Usuario tenga su domicilio fuera de Espa\u00f1a, AMH y el Usuario se someten, con renuncia expresa a cualquier otro fuero, a los juzgados y tribunales de la ciudad de X\u00e1tiva (Valencia &#8211; Espa\u00f1a).<\/p>\n\n\n\n<h3 class=\"wp-block-heading\">Navegaci\u00f3n An\u00f3nima<\/h3>\n\n\n\n<p>AMH, entidad titular del dominio wifing.es, s\u00f3lo obtiene y conserva la siguiente informaci\u00f3n acerca de los visitantes de nuestras webs:<\/p>\n\n\n\n<p>1. El nombre de dominio del proveedor (PSI) que les da acceso a la red.<\/p>\n\n\n\n<p>2. La fecha y hora de acceso a nuestra web.<\/p>\n\n\n\n<p>3. La direcci\u00f3n de Internet desde la que parti\u00f3 el link que dirige a nuestra web.<\/p>\n\n\n\n<p>4. El n\u00famero de visitantes diarios de cada secci\u00f3n.<\/p>\n","protected":false},"excerpt":{"rendered":"<p>AMH Servicios Inform\u00e1ticos, s.c. (en adelante, \u00abAMH\u00bb) informa sobre las condiciones generales de uso y aviso legal a los usuarios del dominio wifing.es, sus subdominios y sus p\u00e1ginas webs. Por medio de la presente comunicaci\u00f3n se da a conocer a los usuarios de internet las condiciones generales para el uso del sitio web www.wifing.es. 1&#8230;.<\/p>\n","protected":false},"author":1,"featured_media":0,"parent":0,"menu_order":0,"comment_status":"closed","ping_status":"closed","template":"","meta":{"_kad_post_transparent":"default","_kad_post_title":"show","_kad_post_layout":"","_kad_post_sidebar_id":"","_kad_post_content_style":"","_kad_post_vertical_padding":"","_kad_post_feature":"","_kad_post_feature_position":"","_kad_post_header":false,"_kad_post_footer":false,"footnotes":""},"_links":{"self":[{"href":"https:\/\/wifing.es\/index.php?rest_route=\/wp\/v2\/pages\/62"}],"collection":[{"href":"https:\/\/wifing.es\/index.php?rest_route=\/wp\/v2\/pages"}],"about":[{"href":"https:\/\/wifing.es\/index.php?rest_route=\/wp\/v2\/types\/page"}],"author":[{"embeddable":true,"href":"https:\/\/wifing.es\/index.php?rest_route=\/wp\/v2\/users\/1"}],"replies":[{"embeddable":true,"href":"https:\/\/wifing.es\/index.php?rest_route=%2Fwp%2Fv2%2Fcomments&post=62"}],"version-history":[{"count":3,"href":"https:\/\/wifing.es\/index.php?rest_route=\/wp\/v2\/pages\/62\/revisions"}],"predecessor-version":[{"id":158,"href":"https:\/\/wifing.es\/index.php?rest_route=\/wp\/v2\/pages\/62\/revisions\/158"}],"wp:attachment":[{"href":"https:\/\/wifing.es\/index.php?rest_route=%2Fwp%2Fv2%2Fmedia&parent=62"}],"curies":[{"name":"wp","href":"https:\/\/api.w.org\/{rel}","templated":true}]}}