{"id":65,"date":"2023-12-14T08:42:21","date_gmt":"2023-12-14T08:42:21","guid":{"rendered":"https:\/\/wifing.es\/?page_id=65"},"modified":"2024-01-15T13:44:38","modified_gmt":"2024-01-15T13:44:38","slug":"privacidad-y-proteccion-de-datos","status":"publish","type":"page","link":"https:\/\/wifing.es\/?page_id=65","title":{"rendered":"Privacidad y Protecci\u00f3n de Datos"},"content":{"rendered":"\n<p>AMH Servicios Inform\u00e1ticos, s.c. (en adelante, \u00abAMH\u00bb) informa a los usuarios de los contenidos puestos en el dominio wifing.es y sus subdominios, acerca de su pol\u00edtica de protecci\u00f3n de datos de car\u00e1cter personal para que los usuarios determinen libre y voluntariamente si desean facilitar a AMH los datos personales que se les puedan requerir o que se puedan obtener de los usuarios con ocasi\u00f3n de la suscripci\u00f3n o alta en algunos de los servicios ofrecidos por AMH en estos dominios o webs. Se entender\u00e1 que el usuario acepta las condiciones establecidas si pulsa el bot\u00f3n \u00abENVIAR\u00bb o similares, que se encuentran en los formularios de recogida de datos. AMH se reserva el derecho a modificar la presente pol\u00edtica para adaptarla a novedades legislativas o jurisprudenciales as\u00ed como a pr\u00e1cticas de la industria. El usuario responder\u00e1, en cualquier caso, de la veracidad de los datos facilitados, reserv\u00e1ndose AMH el derecho a excluir de los servicios registrados a todo usuario que haya facilitado datos falsos, sin perjuicio de las dem\u00e1s acciones que procedan en derecho.<\/p>\n\n\n\n<p>Los datos personales recogidos ser\u00e1n objeto de tratamiento automatizado e incorporados a los correspondientes ficheros automatizados por AMH, siendo AMH titular y responsable de su propio fichero. Salvo en los campos en que se indique lo contrario, las respuestas a las preguntas sobre datos personales son voluntarias, sin que la falta de contestaci\u00f3n implique una merma en la calidad o cantidad de los servicios correspondientes, a menos que se indique otra cosa.<\/p>\n\n\n\n<p>La recogida y tratamiento automatizado de los datos personales tiene como finalidad el mantenimiento de la relaci\u00f3n contractual en su caso establecida con AMH, la gesti\u00f3n, administraci\u00f3n, prestaci\u00f3n, ampliaci\u00f3n y mejora de los servicios en los que el usuario decida suscribirse, darse de alta, o utilizar la adecuaci\u00f3n de dichos servicios a las preferencias y gustos de los usuarios, el estudio de la utilizaci\u00f3n de los servicios por parte de los usuarios, el dise\u00f1o de nuevos servicios relacionados con dichos servicios, el env\u00edo de actualizaciones de los servicios, el env\u00edo, por medios tradicionales y electr\u00f3nicos, de informaci\u00f3n t\u00e9cnica, operativa y comercial acerca de productos y servicios ofrecidos por AMH actualmente y en el futuro. La finalidad de la recogida y tratamiento automatizado de los datos personales incluye igualmente el env\u00edo de formularios de encuestas, que el usuario no queda obligado a contestar.<\/p>\n\n\n\n<p>AMH ha adoptado los niveles de seguridad de protecci\u00f3n de los datos personales legalmente requeridos, y ha instalado todos los medios y medidas t\u00e9cnicas a su alcance para evitar la p\u00e9rdida, mal uso, alteraci\u00f3n, acceso no autorizado y robo de los datos personales facilitados a AMH. Ello no obstante, el usuario debe ser consciente de que las medidas de seguridad en Internet no son inexpugnables.<\/p>\n\n\n\n<p>El Usuario presta su consentimiento para que AMH ceda sus datos a empresas con las que concluya acuerdos de colaboraci\u00f3n con la \u00fanica finalidad de la mejor prestaci\u00f3n del servicio, radicadas en Espa\u00f1a o el extranjero, respetando, en todo caso, la legislaci\u00f3n espa\u00f1ola sobre protecci\u00f3n de los datos de car\u00e1cter personal.<\/p>\n\n\n\n<p>A los efectos de lo dispuesto en la Ley Org\u00e1nica 15\/99, de 13 de diciembre, de Protecci\u00f3n de Datos de Car\u00e1cter Personal, los Usuarios tienen reconocidos y podr\u00e1n ejercitar los derechos de acceso, cancelaci\u00f3n, rectificaci\u00f3n y oposici\u00f3n, as\u00ed como el derecho a ser informados de las cesiones realizadas contactando con AMH a trav\u00e9s de la siguiente direcci\u00f3n: AMH Servicios Inform\u00e1ticos, s.c. &#8211; Dpto. T\u00e9cnico &#8211; Av. Pintor Tarras\u00f3, 197 &#8211; 46823 Navarr\u00e9s (Valencia), haciendo constar:<\/p>\n\n\n\n<p>&#8211; Nombre, apellidos y fotocopia del D.N.I.<\/p>\n\n\n\n<p>&#8211; Petici\u00f3n en la que se concreta la solicitud y en su caso la documentaci\u00f3n pertinente.<\/p>\n\n\n\n<p>&#8211; Domicilio a efecto de notificaciones.<\/p>\n\n\n\n<p>&#8211; Fecha y firma<\/p>\n","protected":false},"excerpt":{"rendered":"<p>AMH Servicios Inform\u00e1ticos, s.c. (en adelante, \u00abAMH\u00bb) informa a los usuarios de los contenidos puestos en el dominio wifing.es y sus subdominios, acerca de su pol\u00edtica de protecci\u00f3n de datos de car\u00e1cter personal para que los usuarios determinen libre y voluntariamente si desean facilitar a AMH los datos personales que se les puedan requerir o&#8230;<\/p>\n","protected":false},"author":1,"featured_media":0,"parent":0,"menu_order":0,"comment_status":"closed","ping_status":"closed","template":"","meta":{"_kad_post_transparent":"default","_kad_post_title":"show","_kad_post_layout":"","_kad_post_sidebar_id":"","_kad_post_content_style":"","_kad_post_vertical_padding":"","_kad_post_feature":"","_kad_post_feature_position":"","_kad_post_header":false,"_kad_post_footer":false,"footnotes":""},"_links":{"self":[{"href":"https:\/\/wifing.es\/index.php?rest_route=\/wp\/v2\/pages\/65"}],"collection":[{"href":"https:\/\/wifing.es\/index.php?rest_route=\/wp\/v2\/pages"}],"about":[{"href":"https:\/\/wifing.es\/index.php?rest_route=\/wp\/v2\/types\/page"}],"author":[{"embeddable":true,"href":"https:\/\/wifing.es\/index.php?rest_route=\/wp\/v2\/users\/1"}],"replies":[{"embeddable":true,"href":"https:\/\/wifing.es\/index.php?rest_route=%2Fwp%2Fv2%2Fcomments&post=65"}],"version-history":[{"count":2,"href":"https:\/\/wifing.es\/index.php?rest_route=\/wp\/v2\/pages\/65\/revisions"}],"predecessor-version":[{"id":160,"href":"https:\/\/wifing.es\/index.php?rest_route=\/wp\/v2\/pages\/65\/revisions\/160"}],"wp:attachment":[{"href":"https:\/\/wifing.es\/index.php?rest_route=%2Fwp%2Fv2%2Fmedia&parent=65"}],"curies":[{"name":"wp","href":"https:\/\/api.w.org\/{rel}","templated":true}]}}